{"id":9,"date":"2020-07-23T00:40:47","date_gmt":"2020-07-23T03:40:47","guid":{"rendered":"https:\/\/7meiofilmes.com.br\/2021\/?page_id=9"},"modified":"2022-06-21T21:13:48","modified_gmt":"2022-06-22T00:13:48","slug":"sobre","status":"publish","type":"page","link":"https:\/\/7meiofilmes.com.br\/2021\/sobre\/","title":{"rendered":"Sobre"},"content":{"rendered":"\r\n<h2 class=\"wp-block-heading\">Sete gramas e meio,<\/h2>\r\n\r\n\r\n\r\n<p><strong>\u00e9 quanto pesa o olho humano\u2026\u00a0 Gostamos de dizer por a\u00ed que \u00e9 o peso do nosso olhar.<\/strong><\/p>\r\n<p>Nossa lente para contar hist\u00f3rias, sensibilizar e entreter. Sete Meio Filmes!<\/p>\r\n<p><br \/>Nascemos h\u00e1 doze anos em Belo Horizonte, unindo talentos que buscam novos olhares para a produ\u00e7\u00e3o audiovisual. Sempre com criatividade e cuidado, apresentando o melhor \u00e2ngulo para contar a sua hist\u00f3ria, do roteiro at\u00e9 a tela.<br \/>Um comercial, o institucional da empresa, document\u00e1rios, filmes ou ainda conte\u00fados para suas redes sociais, aqui seu projeto est\u00e1 em boas m\u00e3os, embalado com qualidade e dedica\u00e7\u00e3o.<\/p>\r\n<p>Venha contar sua hist\u00f3ria com a gente&#8230;\u00a0 Nosso olhar diz muita coisa!<\/p>\r\n\r\n\r\n","protected":false},"excerpt":{"rendered":"<p>Sete gramas e meio, \u00e9 quanto pesa o olho humano\u2026\u00a0 Gostamos de dizer por a\u00ed que \u00e9 o peso do nosso olhar. Nossa lente para contar hist\u00f3rias, sensibilizar e entreter. Sete Meio Filmes! Nascemos h\u00e1 doze anos em Belo Horizonte, unindo talentos que buscam novos olhares para a produ\u00e7\u00e3o audiovisual. Sempre com criatividade e cuidado, [&hellip;]<\/p>\n","protected":false},"author":1,"featured_media":0,"parent":0,"menu_order":0,"comment_status":"closed","ping_status":"closed","template":"","meta":{"_acf_changed":false,"_monsterinsights_skip_tracking":false,"_monsterinsights_sitenote_active":false,"_monsterinsights_sitenote_note":"","_monsterinsights_sitenote_category":0,"footnotes":""},"class_list":["post-9","page","type-page","status-publish","hentry"],"acf":[],"yoast_head":"<!-- This site is optimized with the Yoast SEO plugin v27.4 - https:\/\/yoast.com\/product\/yoast-seo-wordpress\/ -->\n<title>Sobre - 7 Meio Filmes<\/title>\n<meta name=\"robots\" content=\"index, follow, max-snippet:-1, max-image-preview:large, max-video-preview:-1\" \/>\n<link rel=\"canonical\" href=\"https:\/\/7meiofilmes.com.br\/2021\/sobre\/\" \/>\n<meta property=\"og:locale\" content=\"pt_BR\" \/>\n<meta property=\"og:type\" content=\"article\" \/>\n<meta property=\"og:title\" content=\"Sobre - 7 Meio Filmes\" \/>\n<meta property=\"og:description\" content=\"Sete gramas e meio, \u00e9 quanto pesa o olho humano\u2026\u00a0 Gostamos de dizer por a\u00ed que \u00e9 o peso do nosso olhar. Nossa lente para contar hist\u00f3rias, sensibilizar e entreter. Sete Meio Filmes! Nascemos h\u00e1 doze anos em Belo Horizonte, unindo talentos que buscam novos olhares para a produ\u00e7\u00e3o audiovisual. Sempre com criatividade e cuidado, [&hellip;]\" \/>\n<meta property=\"og:url\" content=\"https:\/\/7meiofilmes.com.br\/2021\/sobre\/\" \/>\n<meta property=\"og:site_name\" content=\"7 Meio Filmes\" \/>\n<meta property=\"article:modified_time\" content=\"2022-06-22T00:13:48+00:00\" \/>\n<meta name=\"twitter:card\" content=\"summary_large_image\" \/>\n<meta name=\"twitter:label1\" content=\"Est. tempo de leitura\" \/>\n\t<meta name=\"twitter:data1\" content=\"1 minuto\" \/>\n<script type=\"application\/ld+json\" class=\"yoast-schema-graph\">{\"@context\":\"https:\\\/\\\/schema.org\",\"@graph\":[{\"@type\":\"WebPage\",\"@id\":\"https:\\\/\\\/7meiofilmes.com.br\\\/2021\\\/sobre\\\/\",\"url\":\"https:\\\/\\\/7meiofilmes.com.br\\\/2021\\\/sobre\\\/\",\"name\":\"Sobre - 7 Meio Filmes\",\"isPartOf\":{\"@id\":\"https:\\\/\\\/7meiofilmes.com.br\\\/2021\\\/#website\"},\"datePublished\":\"2020-07-23T03:40:47+00:00\",\"dateModified\":\"2022-06-22T00:13:48+00:00\",\"breadcrumb\":{\"@id\":\"https:\\\/\\\/7meiofilmes.com.br\\\/2021\\\/sobre\\\/#breadcrumb\"},\"inLanguage\":\"pt-BR\",\"potentialAction\":[{\"@type\":\"ReadAction\",\"target\":[\"https:\\\/\\\/7meiofilmes.com.br\\\/2021\\\/sobre\\\/\"]}]},{\"@type\":\"BreadcrumbList\",\"@id\":\"https:\\\/\\\/7meiofilmes.com.br\\\/2021\\\/sobre\\\/#breadcrumb\",\"itemListElement\":[{\"@type\":\"ListItem\",\"position\":1,\"name\":\"In\u00edcio\",\"item\":\"https:\\\/\\\/7meiofilmes.com.br\\\/2021\\\/\"},{\"@type\":\"ListItem\",\"position\":2,\"name\":\"Sobre\"}]},{\"@type\":\"WebSite\",\"@id\":\"https:\\\/\\\/7meiofilmes.com.br\\\/2021\\\/#website\",\"url\":\"https:\\\/\\\/7meiofilmes.com.br\\\/2021\\\/\",\"name\":\"7 Meio Filmes\",\"description\":\"Produ\u00e7\u00e3o audiovisual \",\"publisher\":{\"@id\":\"https:\\\/\\\/7meiofilmes.com.br\\\/2021\\\/#organization\"},\"potentialAction\":[{\"@type\":\"SearchAction\",\"target\":{\"@type\":\"EntryPoint\",\"urlTemplate\":\"https:\\\/\\\/7meiofilmes.com.br\\\/2021\\\/?s={search_term_string}\"},\"query-input\":{\"@type\":\"PropertyValueSpecification\",\"valueRequired\":true,\"valueName\":\"search_term_string\"}}],\"inLanguage\":\"pt-BR\"},{\"@type\":\"Organization\",\"@id\":\"https:\\\/\\\/7meiofilmes.com.br\\\/2021\\\/#organization\",\"name\":\"7 Meio Filmes\",\"url\":\"https:\\\/\\\/7meiofilmes.com.br\\\/2021\\\/\",\"logo\":{\"@type\":\"ImageObject\",\"inLanguage\":\"pt-BR\",\"@id\":\"https:\\\/\\\/7meiofilmes.com.br\\\/2021\\\/#\\\/schema\\\/logo\\\/image\\\/\",\"url\":\"https:\\\/\\\/7meiofilmes.com.br\\\/2021\\\/wp-content\\\/uploads\\\/2025\\\/09\\\/WhatsApp-Image-2025-09-03-at-14.17.22.jpeg\",\"contentUrl\":\"https:\\\/\\\/7meiofilmes.com.br\\\/2021\\\/wp-content\\\/uploads\\\/2025\\\/09\\\/WhatsApp-Image-2025-09-03-at-14.17.22.jpeg\",\"width\":640,\"height\":640,\"caption\":\"7 Meio Filmes\"},\"image\":{\"@id\":\"https:\\\/\\\/7meiofilmes.com.br\\\/2021\\\/#\\\/schema\\\/logo\\\/image\\\/\"}}]}<\/script>\n<!-- \/ Yoast SEO plugin. -->","yoast_head_json":{"title":"Sobre - 7 Meio Filmes","robots":{"index":"index","follow":"follow","max-snippet":"max-snippet:-1","max-image-preview":"max-image-preview:large","max-video-preview":"max-video-preview:-1"},"canonical":"https:\/\/7meiofilmes.com.br\/2021\/sobre\/","og_locale":"pt_BR","og_type":"article","og_title":"Sobre - 7 Meio Filmes","og_description":"Sete gramas e meio, \u00e9 quanto pesa o olho humano\u2026\u00a0 Gostamos de dizer por a\u00ed que \u00e9 o peso do nosso olhar. Nossa lente para contar hist\u00f3rias, sensibilizar e entreter. Sete Meio Filmes! Nascemos h\u00e1 doze anos em Belo Horizonte, unindo talentos que buscam novos olhares para a produ\u00e7\u00e3o audiovisual. Sempre com criatividade e cuidado, [&hellip;]","og_url":"https:\/\/7meiofilmes.com.br\/2021\/sobre\/","og_site_name":"7 Meio Filmes","article_modified_time":"2022-06-22T00:13:48+00:00","twitter_card":"summary_large_image","twitter_misc":{"Est. tempo de leitura":"1 minuto"},"schema":{"@context":"https:\/\/schema.org","@graph":[{"@type":"WebPage","@id":"https:\/\/7meiofilmes.com.br\/2021\/sobre\/","url":"https:\/\/7meiofilmes.com.br\/2021\/sobre\/","name":"Sobre - 7 Meio Filmes","isPartOf":{"@id":"https:\/\/7meiofilmes.com.br\/2021\/#website"},"datePublished":"2020-07-23T03:40:47+00:00","dateModified":"2022-06-22T00:13:48+00:00","breadcrumb":{"@id":"https:\/\/7meiofilmes.com.br\/2021\/sobre\/#breadcrumb"},"inLanguage":"pt-BR","potentialAction":[{"@type":"ReadAction","target":["https:\/\/7meiofilmes.com.br\/2021\/sobre\/"]}]},{"@type":"BreadcrumbList","@id":"https:\/\/7meiofilmes.com.br\/2021\/sobre\/#breadcrumb","itemListElement":[{"@type":"ListItem","position":1,"name":"In\u00edcio","item":"https:\/\/7meiofilmes.com.br\/2021\/"},{"@type":"ListItem","position":2,"name":"Sobre"}]},{"@type":"WebSite","@id":"https:\/\/7meiofilmes.com.br\/2021\/#website","url":"https:\/\/7meiofilmes.com.br\/2021\/","name":"7 Meio Filmes","description":"Produ\u00e7\u00e3o audiovisual ","publisher":{"@id":"https:\/\/7meiofilmes.com.br\/2021\/#organization"},"potentialAction":[{"@type":"SearchAction","target":{"@type":"EntryPoint","urlTemplate":"https:\/\/7meiofilmes.com.br\/2021\/?s={search_term_string}"},"query-input":{"@type":"PropertyValueSpecification","valueRequired":true,"valueName":"search_term_string"}}],"inLanguage":"pt-BR"},{"@type":"Organization","@id":"https:\/\/7meiofilmes.com.br\/2021\/#organization","name":"7 Meio Filmes","url":"https:\/\/7meiofilmes.com.br\/2021\/","logo":{"@type":"ImageObject","inLanguage":"pt-BR","@id":"https:\/\/7meiofilmes.com.br\/2021\/#\/schema\/logo\/image\/","url":"https:\/\/7meiofilmes.com.br\/2021\/wp-content\/uploads\/2025\/09\/WhatsApp-Image-2025-09-03-at-14.17.22.jpeg","contentUrl":"https:\/\/7meiofilmes.com.br\/2021\/wp-content\/uploads\/2025\/09\/WhatsApp-Image-2025-09-03-at-14.17.22.jpeg","width":640,"height":640,"caption":"7 Meio Filmes"},"image":{"@id":"https:\/\/7meiofilmes.com.br\/2021\/#\/schema\/logo\/image\/"}}]}},"_links":{"self":[{"href":"https:\/\/7meiofilmes.com.br\/2021\/wp-json\/wp\/v2\/pages\/9","targetHints":{"allow":["GET"]}}],"collection":[{"href":"https:\/\/7meiofilmes.com.br\/2021\/wp-json\/wp\/v2\/pages"}],"about":[{"href":"https:\/\/7meiofilmes.com.br\/2021\/wp-json\/wp\/v2\/types\/page"}],"author":[{"embeddable":true,"href":"https:\/\/7meiofilmes.com.br\/2021\/wp-json\/wp\/v2\/users\/1"}],"replies":[{"embeddable":true,"href":"https:\/\/7meiofilmes.com.br\/2021\/wp-json\/wp\/v2\/comments?post=9"}],"version-history":[{"count":21,"href":"https:\/\/7meiofilmes.com.br\/2021\/wp-json\/wp\/v2\/pages\/9\/revisions"}],"predecessor-version":[{"id":2868,"href":"https:\/\/7meiofilmes.com.br\/2021\/wp-json\/wp\/v2\/pages\/9\/revisions\/2868"}],"wp:attachment":[{"href":"https:\/\/7meiofilmes.com.br\/2021\/wp-json\/wp\/v2\/media?parent=9"}],"curies":[{"name":"wp","href":"https:\/\/api.w.org\/{rel}","templated":true}]}}